{"id":2795,"date":"2022-11-15T18:49:26","date_gmt":"2022-11-15T17:49:26","guid":{"rendered":"https:\/\/msrmarketing.es\/outsourcing\/"},"modified":"2022-12-06T10:29:03","modified_gmt":"2022-12-06T09:29:03","slug":"outsourcing-spain","status":"publish","type":"page","link":"https:\/\/msrmarketing.es\/en\/outsourcing-spain\/","title":{"rendered":"Outsourcing"},"content":{"rendered":"<p>[vc_row css_animation=&#8221;&#8221; row_type=&#8221;row&#8221; use_row_as_full_screen_section=&#8221;no&#8221; type=&#8221;full_width&#8221; angled_section=&#8221;no&#8221; text_align=&#8221;center&#8221; background_image_as_pattern=&#8221;without_pattern&#8221; z_index=&#8221;&#8221;][vc_column offset=&#8221;vc_hidden-xs&#8221;][vc_separator type=&#8221;transparent&#8221; up=&#8221;-190&#8243;][vc_single_image image=&#8221;96&#8243; img_size=&#8221;full&#8221; alignment=&#8221;center&#8221; qode_css_animation=&#8221;&#8221;][vc_empty_space height=&#8221;10px&#8221;][vc_column_text]<\/p>\n<p style=\"text-align: center;\"><span style=\"color: #ffffff;\">SCROLL<\/span><\/p>\n<p>[\/vc_column_text][\/vc_column][\/vc_row][vc_row css_animation=&#8221;&#8221; row_type=&#8221;row&#8221; use_row_as_full_screen_section=&#8221;no&#8221; type=&#8221;full_width&#8221; angled_section=&#8221;no&#8221; text_align=&#8221;left&#8221; background_image_as_pattern=&#8221;without_pattern&#8221; background_color=&#8221;#ffffff&#8221; z_index=&#8221;100&#8243; el_class=&#8221;overlapping_content&#8221;][vc_column width=&#8221;1\/4&#8243;][vc_empty_space][\/vc_column][vc_column width=&#8221;1\/2&#8243; css=&#8221;.vc_custom_1521722762862{margin-top: -35px !important;padding-right: 30px !important;padding-left: 30px !important;background-color: #ffffff !important;}&#8221;][vc_column_text]<\/p>\n<h2 style=\"text-align: center;\">EQUIPO DE MARKETING INTEGRADO<\/h2>\n<p>[\/vc_column_text][vc_empty_space height=&#8221;20px&#8221;][\/vc_column][vc_column width=&#8221;1\/4&#8243;][vc_empty_space][\/vc_column][\/vc_row][vc_row css_animation=&#8221;&#8221; row_type=&#8221;row&#8221; use_row_as_full_screen_section=&#8221;no&#8221; type=&#8221;grid&#8221; angled_section=&#8221;no&#8221; text_align=&#8221;left&#8221; background_image_as_pattern=&#8221;without_pattern&#8221; z_index=&#8221;&#8221;][vc_column][vc_empty_space height=&#8221;50px&#8221;][vc_column_text]<\/p>\n<p style=\"text-align: center;\">Tenemos a tu disposici\u00f3n un\u00a0Equipo de Marketing Integrado (EMI) con profesionales especializados en todos los campos necesarios para planificar y realizar todas las acciones de marketing y comunicaci\u00f3n que necesites para alcanzar tus objetivos. Contar\u00e1s con una Directora de Marketing para desarrollar un plan de marketing personalizado, con planes a corto, medio y largo plazo, coordinando un equipo multidisciplinar para ejecutarlo, como un servicio de outsourcing de marketing.<\/p>\n<p>[\/vc_column_text][\/vc_column][\/vc_row][vc_row css_animation=&#8221;&#8221; row_type=&#8221;row&#8221; use_row_as_full_screen_section=&#8221;no&#8221; type=&#8221;full_width&#8221; angled_section=&#8221;no&#8221; text_align=&#8221;left&#8221; background_image_as_pattern=&#8221;without_pattern&#8221; z_index=&#8221;&#8221;][vc_column][vc_empty_space height=&#8221;70px&#8221;][\/vc_column][\/vc_row][vc_row css_animation=&#8221;&#8221; row_type=&#8221;row&#8221; use_row_as_full_screen_section=&#8221;no&#8221; type=&#8221;grid&#8221; angled_section=&#8221;no&#8221; text_align=&#8221;left&#8221; background_image_as_pattern=&#8221;without_pattern&#8221; z_index=&#8221;9999&#8243;][vc_column][vc_row_inner row_type=&#8221;row&#8221; type=&#8221;full_width&#8221; text_align=&#8221;left&#8221; css_animation=&#8221;&#8221;][vc_column_inner][vc_single_image image=&#8221;740&#8243; img_size=&#8221;200X250&#8243; alignment=&#8221;right&#8221; qode_css_animation=&#8221;&#8221; css=&#8221;.vc_custom_1565336861599{padding-left: 200px !important;}&#8221;][vc_separator type=&#8221;transparent&#8221; down=&#8221;-170&#8243;][\/vc_column_inner][\/vc_row_inner][vc_empty_space][\/vc_column][\/vc_row][vc_row css_animation=&#8221;&#8221; row_type=&#8221;row&#8221; use_row_as_full_screen_section=&#8221;no&#8221; type=&#8221;grid&#8221; angled_section=&#8221;yes&#8221; angled_section_position=&#8221;top&#8221; angled_section_direction=&#8221;from_right_to_left&#8221; text_align=&#8221;center&#8221; background_image_as_pattern=&#8221;without_pattern&#8221; background_color=&#8221;#f3f3f3&#8243; z_index=&#8221;&#8221; css=&#8221;.vc_custom_1548877045672{background-color: #f3f3f3 !important;}&#8221;][vc_column][vc_empty_space][vc_row_inner row_type=&#8221;row&#8221; type=&#8221;grid&#8221; text_align=&#8221;left&#8221; css_animation=&#8221;&#8221;][vc_column_inner width=&#8221;1\/2&#8243; css=&#8221;.vc_custom_1527777526169{margin-top: -70px !important;}&#8221;][vc_separator type=&#8221;transparent&#8221; up=&#8221;-60&#8243;][vc_empty_space height=&#8221;60px&#8221;][vc_column_text]<\/p>\n<h2 style=\"text-align: left;\">\u00bfC\u00f3mo funciona<\/h2>\n<h2 style=\"text-align: left;\">el marketing externalizado?<\/h2>\n<p>[\/vc_column_text][\/vc_column_inner][vc_column_inner width=&#8221;1\/2&#8243;][vc_empty_space height=&#8221;60px&#8221;][\/vc_column_inner][\/vc_row_inner][vc_row_inner row_type=&#8221;row&#8221; type=&#8221;full_width&#8221; text_align=&#8221;left&#8221; css_animation=&#8221;&#8221;][vc_column_inner][vc_empty_space][vc_column_text]<\/p>\n<p style=\"text-align: justify;\">Depende de lo que necesite tu empresa, te propondremos un plan totalmente personalizado. Funcionamos de forma distinta en cada empresa, dependiendo de su estructura, ubicaci\u00f3n, sector y mercado. Realizamos tareas y trabajos mensuales, semanales y diarios seg\u00fan cada proyecto. Hacemos reuniones semanales o mensuales para estar en contacto con la direcci\u00f3n y los equipos, y a veces trabajamos desde las oficinas del cliente para integrarnos al m\u00e1ximo.<\/p>\n<p>[\/vc_column_text][\/vc_column_inner][\/vc_row_inner][\/vc_column][\/vc_row][vc_row css_animation=&#8221;&#8221; row_type=&#8221;row&#8221; use_row_as_full_screen_section=&#8221;no&#8221; type=&#8221;full_width&#8221; angled_section=&#8221;yes&#8221; angled_section_position=&#8221;bottom&#8221; angled_section_direction=&#8221;from_left_to_right&#8221; text_align=&#8221;left&#8221; background_image_as_pattern=&#8221;without_pattern&#8221; background_color=&#8221;#f3f3f3&#8243; z_index=&#8221;&#8221; css=&#8221;.vc_custom_1548877053919{background-color: #f3f3f3 !important;}&#8221;][vc_column][vc_empty_space height=&#8221;80px&#8221;][\/vc_column][\/vc_row][vc_row css_animation=&#8221;&#8221; row_type=&#8221;row&#8221; use_row_as_full_screen_section=&#8221;no&#8221; type=&#8221;full_width&#8221; angled_section=&#8221;no&#8221; text_align=&#8221;left&#8221; background_image_as_pattern=&#8221;without_pattern&#8221; z_index=&#8221;100&#8243;][vc_column width=&#8221;1\/3&#8243;][vc_separator type=&#8221;transparent&#8221; down=&#8221;20&#8243;][\/vc_column][vc_column width=&#8221;1\/3&#8243;][vc_separator type=&#8221;transparent&#8221; up=&#8221;-50&#8243;][qode_elements_holder number_of_columns=&#8221;one_column&#8221; switch_to_one_column=&#8221;1300&#8243; alignment_one_column=&#8221;center&#8221;][qode_elements_holder_item item_padding=&#8221;0px 10px 0px 10px&#8221; horizontal_alignment=&#8221;center&#8221; advanced_animations=&#8221;no&#8221; item_padding_1024_1280=&#8221;0px 300px 0px 300px&#8221; item_padding_768_1024=&#8221;0px 200px 0px 200px&#8221;]<div class=\"qode-int-icon-showcase qode-autoplay\"data-interval=\"3000\"><div class=\"qode-int-icon-showcase-inner\"><div class=\"qode-showcase-item-holder\">\n\t<div class=\"qode-showcase-icon\">\n\t\t<span class=\"qode-icon-holder qode-icon-circle\" style=\"background-color: #ffffff\">\n\t\t\t<i class=\"qodef-icon-linea-icon icon-software-transform-bezier qode-icon-element\" ><\/i>\t\t<\/span>\n\t<\/div>\n\t<div class=\"qode-showcase-content\">\n\t\t<div class=\"qode-showcase-content-table\">\n\t\t\t<div class=\"qode-showcase-content-cell\">\n\t\t\t\t\t\t\t\t\t<h3>Dise\u00f1o Gr\u00e1fico<\/h3>\n\t\t\t\t\t\t\t\t\t\t\t<\/div>\n\t\t<\/div>\n\t<\/div>\n<\/div><div class=\"qode-showcase-item-holder\">\n\t<div class=\"qode-showcase-icon\">\n\t\t<span class=\"qode-icon-holder qode-icon-circle\" style=\"background-color: #ffffff\">\n\t\t\t<i class=\"qodef-icon-linea-icon icon-basic-display qode-icon-element\" ><\/i>\t\t<\/span>\n\t<\/div>\n\t<div class=\"qode-showcase-content\">\n\t\t<div class=\"qode-showcase-content-table\">\n\t\t\t<div class=\"qode-showcase-content-cell\">\n\t\t\t\t\t\t\t\t\t<h3>Programaci\u00f3n y dise\u00f1o Web<\/h3>\n\t\t\t\t\t\t\t\t\t\t\t<\/div>\n\t\t<\/div>\n\t<\/div>\n<\/div><div class=\"qode-showcase-item-holder\">\n\t<div class=\"qode-showcase-icon\">\n\t\t<span class=\"qode-icon-holder qode-icon-circle\" style=\"background-color: #ffffff\">\n\t\t\t<i class=\"qodef-icon-linea-icon icon-ecommerce-graph-increase qode-icon-element\" ><\/i>\t\t<\/span>\n\t<\/div>\n\t<div class=\"qode-showcase-content\">\n\t\t<div class=\"qode-showcase-content-table\">\n\t\t\t<div class=\"qode-showcase-content-cell\">\n\t\t\t\t\t\t\t\t\t<h3>Marketing Digital<\/h3>\n\t\t\t\t\t\t\t\t\t\t\t<\/div>\n\t\t<\/div>\n\t<\/div>\n<\/div><div class=\"qode-showcase-item-holder\">\n\t<div class=\"qode-showcase-icon\">\n\t\t<span class=\"qode-icon-holder qode-icon-circle\" style=\"background-color: #ffffff\">\n\t\t\t<i class=\"qodef-icon-linea-icon icon-ecommerce-megaphone qode-icon-element\" ><\/i>\t\t<\/span>\n\t<\/div>\n\t<div class=\"qode-showcase-content\">\n\t\t<div class=\"qode-showcase-content-table\">\n\t\t\t<div class=\"qode-showcase-content-cell\">\n\t\t\t\t\t\t\t\t\t<h3>Community Management<\/h3>\n\t\t\t\t\t\t\t\t\t\t\t<\/div>\n\t\t<\/div>\n\t<\/div>\n<\/div><div class=\"qode-showcase-item-holder\">\n\t<div class=\"qode-showcase-icon\">\n\t\t<span class=\"qode-icon-holder qode-icon-circle\" style=\"background-color: #ffffff\">\n\t\t\t<i class=\"qodef-icon-linea-icon icon-basic-paperplane qode-icon-element\" ><\/i>\t\t<\/span>\n\t<\/div>\n\t<div class=\"qode-showcase-content\">\n\t\t<div class=\"qode-showcase-content-table\">\n\t\t\t<div class=\"qode-showcase-content-cell\">\n\t\t\t\t\t\t\t\t\t<h3>Marketing Internacional<\/h3>\n\t\t\t\t\t\t\t\t\t\t\t<\/div>\n\t\t<\/div>\n\t<\/div>\n<\/div><div class=\"qode-showcase-item-holder\">\n\t<div class=\"qode-showcase-icon\">\n\t\t<span class=\"qode-icon-holder qode-icon-circle\" style=\"background-color: #ffffff\">\n\t\t\t<i class=\"qodef-icon-linea-icon icon-basic-calendar qode-icon-element\" ><\/i>\t\t<\/span>\n\t<\/div>\n\t<div class=\"qode-showcase-content\">\n\t\t<div class=\"qode-showcase-content-table\">\n\t\t\t<div class=\"qode-showcase-content-cell\">\n\t\t\t\t\t\t\t\t\t<h3>Consultor\u00eda de Marketing Estrat\u00e9gico<\/h3>\n\t\t\t\t\t\t\t\t\t\t\t<\/div>\n\t\t<\/div>\n\t<\/div>\n<\/div><div class=\"qode-showcase-item-holder\">\n\t<div class=\"qode-showcase-icon\">\n\t\t<span class=\"qode-icon-holder qode-icon-circle\" style=\"background-color: #ffffff\">\n\t\t\t<i class=\"qodef-icon-linea-icon icon-basic-book-pencil qode-icon-element\" ><\/i>\t\t<\/span>\n\t<\/div>\n\t<div class=\"qode-showcase-content\">\n\t\t<div class=\"qode-showcase-content-table\">\n\t\t\t<div class=\"qode-showcase-content-cell\">\n\t\t\t\t\t\t\t\t\t<h3>T\u00e9cnicos en Marketing<\/h3>\n\t\t\t\t\t\t\t\t\t\t\t<\/div>\n\t\t<\/div>\n\t<\/div>\n<\/div><\/div><div class=\"qode-int-icon-circle\"><\/div><\/div>[\/qode_elements_holder_item][\/qode_elements_holder][\/vc_column][vc_column width=&#8221;1\/3&#8243;][vc_separator type=&#8221;transparent&#8221; down=&#8221;20&#8243;][\/vc_column][\/vc_row][vc_row css_animation=&#8221;&#8221; row_type=&#8221;row&#8221; use_row_as_full_screen_section=&#8221;no&#8221; type=&#8221;full_width&#8221; angled_section=&#8221;no&#8221; text_align=&#8221;left&#8221; background_image_as_pattern=&#8221;without_pattern&#8221;][vc_column][vc_empty_space height=&#8221;80px&#8221;][\/vc_column][\/vc_row][vc_row css_animation=&#8221;&#8221; row_type=&#8221;row&#8221; use_row_as_full_screen_section=&#8221;no&#8221; type=&#8221;grid&#8221; angled_section=&#8221;no&#8221; text_align=&#8221;left&#8221; background_image_as_pattern=&#8221;without_pattern&#8221; z_index=&#8221;9999&#8243;][vc_column][vc_row_inner row_type=&#8221;row&#8221; type=&#8221;full_width&#8221; text_align=&#8221;left&#8221; css_animation=&#8221;&#8221;][vc_column_inner][\/vc_column_inner][\/vc_row_inner][vc_empty_space][\/vc_column][\/vc_row][vc_row css_animation=&#8221;&#8221; row_type=&#8221;row&#8221; use_row_as_full_screen_section=&#8221;no&#8221; type=&#8221;grid&#8221; angled_section=&#8221;yes&#8221; angled_section_position=&#8221;top&#8221; angled_section_direction=&#8221;from_left_to_right&#8221; text_align=&#8221;center&#8221; background_image_as_pattern=&#8221;without_pattern&#8221; background_color=&#8221;#f3f3f3&#8243; z_index=&#8221;&#8221; css=&#8221;.vc_custom_1548877217809{background-color: #f3f3f3 !important;}&#8221;][vc_column][vc_empty_space][vc_row_inner row_type=&#8221;row&#8221; type=&#8221;grid&#8221; text_align=&#8221;left&#8221; css_animation=&#8221;&#8221;][vc_column_inner width=&#8221;1\/2&#8243; offset=&#8221;vc_hidden-xs&#8221;][vc_empty_space height=&#8221;30px&#8221;][vc_separator type=&#8221;transparent&#8221; down=&#8221;-170&#8243;][vc_single_image image=&#8221;1380&#8243; img_size=&#8221;400&#215;250&#8243; qode_css_animation=&#8221;&#8221; css=&#8221;.vc_custom_1565344537774{padding-right: 250px !important;}&#8221;][\/vc_column_inner][vc_column_inner width=&#8221;1\/2&#8243; css=&#8221;.vc_custom_1527777526169{margin-top: -70px !important;}&#8221;][vc_separator type=&#8221;transparent&#8221; up=&#8221;-60&#8243;][vc_empty_space height=&#8221;60px&#8221;][vc_column_text]<\/p>\n<h2 style=\"text-align: right;\">Ventajas del<br \/>\nOutsourcing<\/h2>\n<p>[\/vc_column_text][\/vc_column_inner][\/vc_row_inner][vc_row_inner row_type=&#8221;row&#8221; type=&#8221;full_width&#8221; text_align=&#8221;left&#8221; css_animation=&#8221;&#8221;][vc_column_inner][vc_empty_space][vc_column_text]<\/p>\n<p style=\"text-align: justify;\">La primera ventaja de la externalizaci\u00f3n de la funci\u00f3n del marketing es la reducci\u00f3n de costes, ya que los gastos fijos se convierten en variables. Puedes tener un servicio estable, continuo y funcional, con un equipo completo de profesionales, pero externo.<\/p>\n<p>&nbsp;<\/p>\n<p style=\"text-align: justify;\">Con la externalizaci\u00f3n de las tareas de marketing, adem\u00e1s de llevar toda la parte operativa, d\u00eda a d\u00eda coordinamos las acciones y estrategias, para dar la coherencia necesaria a la comunicaci\u00f3n de tu empresa.<\/p>\n<p>&nbsp;<\/p>\n<p>Te ayudaremos a alcanzar tus objetivos gracias a la gesti\u00f3n de los recursos, adapt\u00e1ndonos a la estacionalidad y a las necesidades concretas de tu empresa, y ofreci\u00e9ndote cualquier servicio extra en el momento en que lo necesites.[\/vc_column_text][vc_empty_space height=&#8221;20px&#8221;][vc_empty_space height=&#8221;20px&#8221;][\/vc_column_inner][\/vc_row_inner][\/vc_column][\/vc_row][vc_row css_animation=&#8221;&#8221; row_type=&#8221;row&#8221; use_row_as_full_screen_section=&#8221;no&#8221; type=&#8221;full_width&#8221; angled_section=&#8221;yes&#8221; angled_section_position=&#8221;bottom&#8221; angled_section_direction=&#8221;from_right_to_left&#8221; text_align=&#8221;left&#8221; background_image_as_pattern=&#8221;without_pattern&#8221; background_color=&#8221;#f3f3f3&#8243; z_index=&#8221;&#8221; css=&#8221;.vc_custom_1548877248880{background-color: #f3f3f3 !important;}&#8221;][vc_column][\/vc_column][\/vc_row][vc_row css_animation=&#8221;&#8221; row_type=&#8221;row&#8221; use_row_as_full_screen_section=&#8221;no&#8221; type=&#8221;full_width&#8221; angled_section=&#8221;no&#8221; text_align=&#8221;left&#8221; background_image_as_pattern=&#8221;without_pattern&#8221; css=&#8221;.vc_custom_1548878087356{background-color: #ffffff !important;}&#8221; z_index=&#8221;&#8221;][vc_column offset=&#8221;vc_hidden-lg vc_hidden-md vc_hidden-sm&#8221;][vc_empty_space height=&#8221;50px&#8221;][\/vc_column][\/vc_row][vc_row css_animation=&#8221;&#8221; row_type=&#8221;row&#8221; use_row_as_full_screen_section=&#8221;no&#8221; type=&#8221;full_width&#8221; angled_section=&#8221;no&#8221; text_align=&#8221;left&#8221; background_image_as_pattern=&#8221;without_pattern&#8221; css=&#8221;.vc_custom_1548878087356{background-color: #ffffff !important;}&#8221; z_index=&#8221;&#8221;][vc_column offset=&#8221;vc_hidden-xs&#8221;][vc_empty_space height=&#8221;150px&#8221;][\/vc_column][\/vc_row][vc_row css_animation=&#8221;&#8221; row_type=&#8221;row&#8221; use_row_as_full_screen_section=&#8221;no&#8221; type=&#8221;grid&#8221; angled_section=&#8221;no&#8221; text_align=&#8221;left&#8221; background_image_as_pattern=&#8221;without_pattern&#8221; z_index=&#8221;&#8221;][vc_column][vc_column_text]<\/p>\n<h2 style=\"text-align: center;\">NO ES SOLO PARA LAS GRANDES EMPRESAS<\/h2>\n<p>[\/vc_column_text][\/vc_column][\/vc_row][vc_row css_animation=&#8221;&#8221; row_type=&#8221;row&#8221; use_row_as_full_screen_section=&#8221;no&#8221; type=&#8221;full_width&#8221; angled_section=&#8221;no&#8221; text_align=&#8221;left&#8221; background_image_as_pattern=&#8221;without_pattern&#8221; z_index=&#8221;&#8221;][vc_column offset=&#8221;vc_hidden-xs&#8221;][vc_empty_space height=&#8221;150px&#8221;][\/vc_column][\/vc_row][vc_row css_animation=&#8221;&#8221; row_type=&#8221;row&#8221; use_row_as_full_screen_section=&#8221;no&#8221; type=&#8221;full_width&#8221; angled_section=&#8221;no&#8221; text_align=&#8221;left&#8221; background_image_as_pattern=&#8221;without_pattern&#8221; z_index=&#8221;&#8221;][vc_column offset=&#8221;vc_hidden-lg vc_hidden-md vc_hidden-sm&#8221;][vc_empty_space height=&#8221;50px&#8221;][\/vc_column][\/vc_row][vc_row css_animation=&#8221;&#8221; row_type=&#8221;row&#8221; use_row_as_full_screen_section=&#8221;no&#8221; type=&#8221;grid&#8221; angled_section=&#8221;yes&#8221; angled_section_position=&#8221;top&#8221; angled_section_direction=&#8221;from_left_to_right&#8221; text_align=&#8221;center&#8221; background_image_as_pattern=&#8221;without_pattern&#8221; background_color=&#8221;#f3f3f3&#8243; z_index=&#8221;&#8221;][vc_column][vc_empty_space height=&#8221;50px&#8221;][vc_row_inner row_type=&#8221;row&#8221; type=&#8221;full_width&#8221; text_align=&#8221;center&#8221; css_animation=&#8221;&#8221;][vc_column_inner]<a  itemprop=\"url\" href=\"http:\/\/msrmarketing.es\/contacto\/\" target=\"_self\" data-hover-background-color='#afafaf' data-hover-border-color='rgba(255,255,255,0.01)' data-hover-color='#ffffff' class=\"qbutton  center default\" style=\"color: #ffffff; border-color: rgba(175,175,175,0.01); font-style: normal; font-weight: 400; font-family: Work sans; text-transform: none; font-size: 20px; letter-spacing: 5px; border-radius: 0px;-moz-border-radius: 0px;-webkit-border-radius: 0px; background-color: #ff2900;\">\u00bfHABLAMOS?<\/a>[vc_empty_space][vc_empty_space][vc_column_text]<\/p>\n<h3 style=\"text-align: center;\">\u00bfQuieres tu propio<\/h3>\n<h3 style=\"text-align: center;\">Outsourcing de Marketing?<\/h3>\n<p>[\/vc_column_text][vc_empty_space][vc_empty_space][vc_column_text]<\/p>\n<h2 style=\"text-align: center;\">PIDE TU PROPUESTA<\/h2>\n<h2 style=\"text-align: center;\">PERSONALIZADA<\/h2>\n<p>[\/vc_column_text][\/vc_column_inner][\/vc_row_inner][vc_empty_space][vc_empty_space][vc_empty_space][vc_empty_space]<span class='q_social_icon_holder normal_social' data-color=#3c3b42 data-hover-color=#ff2900><a itemprop='url' href='https:\/\/www.facebook.com\/MarketingSobreRuedas?fref=ts' target='_blank'><i class=\"qode_icon_font_awesome fa fa-facebook  simple_social\" style=\"color: #3c3b42;margin: 0 10px 0 10px;font-size: 28px;\" ><\/i><\/a><\/span><span class='q_social_icon_holder normal_social' data-color=#3c3b42 data-hover-color=#ff2900><a itemprop='url' href='https:\/\/www.linkedin.com\/company\/msrmarketing\/ ' target='_blank'><i class=\"qode_icon_font_awesome fa fa-linkedin  simple_social\" style=\"color: #3c3b42;margin: 0 10px 0 10px;font-size: 28px;\" ><\/i><\/a><\/span><span class='q_social_icon_holder normal_social' data-color=#3c3b42 data-hover-color=#ff2900><a itemprop='url' href='https:\/\/www.instagram.com\/msr_marketing\/ ' target='_blank'><i class=\"qode_icon_font_awesome fa fa-instagram  simple_social\" style=\"color: #3c3b42;margin: 0 10px 0 10px;font-size: 28px;\" ><\/i><\/a><\/span><span class='q_social_icon_holder normal_social' data-color=#3c3b42 data-hover-color=#ff2900><a itemprop='url' href='https:\/\/twitter.com\/MSRMarketing_es ' target='_blank'><i class=\"qode_icon_font_awesome fa fa-twitter  simple_social\" style=\"color: #3c3b42;margin: 0 10px 0 10px;font-size: 28px;\" ><\/i><\/a><\/span>[\/vc_column][\/vc_row][vc_row css_animation=&#8221;&#8221; row_type=&#8221;row&#8221; use_row_as_full_screen_section=&#8221;no&#8221; type=&#8221;full_width&#8221; angled_section=&#8221;yes&#8221; angled_section_position=&#8221;bottom&#8221; angled_section_direction=&#8221;from_right_to_left&#8221; text_align=&#8221;left&#8221; background_image_as_pattern=&#8221;without_pattern&#8221; background_color=&#8221;#f3f3f3&#8243; z_index=&#8221;&#8221;][vc_column][vc_empty_space height=&#8221;50px&#8221;][\/vc_column][\/vc_row][vc_row css_animation=&#8221;&#8221; row_type=&#8221;row&#8221; use_row_as_full_screen_section=&#8221;no&#8221; type=&#8221;full_width&#8221; angled_section=&#8221;no&#8221; text_align=&#8221;left&#8221; background_image_as_pattern=&#8221;without_pattern&#8221; z_index=&#8221;20&#8243;][vc_column offset=&#8221;vc_hidden-xs&#8221;][vc_row_inner row_type=&#8221;row&#8221; type=&#8221;full_width&#8221; text_align=&#8221;left&#8221; css_animation=&#8221;&#8221;][vc_column_inner][vc_separator type=&#8221;transparent&#8221; up=&#8221;-450&#8243;][vc_single_image image=&#8221;1683&#8243; img_size=&#8221;300X400&#8243; alignment=&#8221;right&#8221; qode_css_animation=&#8221;&#8221; css=&#8221;.vc_custom_1565343471812{padding-left: 250px !important;}&#8221;][\/vc_column_inner][\/vc_row_inner][\/vc_column][\/vc_row]<\/p>\n","protected":false},"excerpt":{"rendered":"<p>[vc_row css_animation=&#8221;&#8221; row_type=&#8221;row&#8221; use_row_as_full_screen_section=&#8221;no&#8221; type=&#8221;full_width&#8221; angled_section=&#8221;no&#8221; text_align=&#8221;center&#8221; background_image_as_pattern=&#8221;without_pattern&#8221; z_index=&#8221;&#8221;][vc_column offset=&#8221;vc_hidden-xs&#8221;][vc_separator type=&#8221;transparent&#8221; up=&#8221;-190&#8243;][vc_single_image image=&#8221;96&#8243; img_size=&#8221;full&#8221; alignment=&#8221;center&#8221; qode_css_animation=&#8221;&#8221;][vc_empty_space height=&#8221;10px&#8221;][vc_column_text] SCROLL [\/vc_column_text][\/vc_column][\/vc_row][vc_row css_animation=&#8221;&#8221; row_type=&#8221;row&#8221; use_row_as_full_screen_section=&#8221;no&#8221; type=&#8221;full_width&#8221; angled_section=&#8221;no&#8221; text_align=&#8221;left&#8221; background_image_as_pattern=&#8221;without_pattern&#8221; background_color=&#8221;#ffffff&#8221; z_index=&#8221;100&#8243; el_class=&#8221;overlapping_content&#8221;][vc_column width=&#8221;1\/4&#8243;][vc_empty_space][\/vc_column][vc_column width=&#8221;1\/2&#8243; css=&#8221;.vc_custom_1521722762862{margin-top: -35px !important;padding-right: 30px !important;padding-left: 30px !important;background-color: #ffffff !important;}&#8221;][vc_column_text] EQUIPO DE MARKETING INTEGRADO [\/vc_column_text][vc_empty_space&#8230;<\/p>\n","protected":false},"author":1,"featured_media":0,"parent":0,"menu_order":0,"comment_status":"closed","ping_status":"closed","template":"full_width.php","meta":{"_joinchat":[],"footnotes":""},"class_list":["post-2795","page","type-page","status-publish","hentry"],"_links":{"self":[{"href":"https:\/\/msrmarketing.es\/en\/wp-json\/wp\/v2\/pages\/2795","targetHints":{"allow":["GET"]}}],"collection":[{"href":"https:\/\/msrmarketing.es\/en\/wp-json\/wp\/v2\/pages"}],"about":[{"href":"https:\/\/msrmarketing.es\/en\/wp-json\/wp\/v2\/types\/page"}],"author":[{"embeddable":true,"href":"https:\/\/msrmarketing.es\/en\/wp-json\/wp\/v2\/users\/1"}],"replies":[{"embeddable":true,"href":"https:\/\/msrmarketing.es\/en\/wp-json\/wp\/v2\/comments?post=2795"}],"version-history":[{"count":1,"href":"https:\/\/msrmarketing.es\/en\/wp-json\/wp\/v2\/pages\/2795\/revisions"}],"predecessor-version":[{"id":2798,"href":"https:\/\/msrmarketing.es\/en\/wp-json\/wp\/v2\/pages\/2795\/revisions\/2798"}],"wp:attachment":[{"href":"https:\/\/msrmarketing.es\/en\/wp-json\/wp\/v2\/media?parent=2795"}],"curies":[{"name":"wp","href":"https:\/\/api.w.org\/{rel}","templated":true}]}}